{"id":5919,"date":"2020-12-05T05:23:32","date_gmt":"2020-12-05T02:23:32","guid":{"rendered":"https:\/\/agr-tech.de\/?post_type=product&#038;p=5919"},"modified":"2022-11-13T20:38:42","modified_gmt":"2022-11-13T17:38:42","slug":"elcos-super-silent-gs-range-10-3000-kva","status":"publish","type":"product","link":"https:\/\/agr-tech.de\/en\/product\/elcos-super-silent-gs-range-10-3000-kva\/","title":{"rendered":"ELCOS  SUPER SILENT GS RANGE 10-3000 KVA"},"content":{"rendered":"<p>[vc_row full_width=&#8220;stretch_row_content_no_spaces&#8220; mobile_bg_img_hidden=&#8220;no&#8220; tablet_bg_img_hidden=&#8220;no&#8220; woodmart_parallax=&#8220;0&#8243; woodmart_gradient_switch=&#8220;no&#8220; row_reverse_mobile=&#8220;0&#8243; row_reverse_tablet=&#8220;0&#8243; woodmart_disable_overflow=&#8220;0&#8243;][vc_column][vc_raw_html]JTVCdG5jLXBkZi12aWV3ZXItaWZyYW1lJTIwZmlsZSUzRCUyMiUyRndwLWNvbnRlbnQlMkZ1cGxvYWRzJTJGMjAyMCUyRjEyJTJGU1MtRUxDT1MtRU4ucGRmJTIyJTIwd2lkdGglM0QlMjIxMDAlMjUlMjIlMjBoZWlnaHQlM0QlMjI4NTAlMjIlMjBkb3dubG9hZCUzRCUyMnRydWUlMjIlMjBwcmludCUzRCUyMnRydWUlMjIlMjBmdWxsc2NyZWVuJTNEJTIyZmFsc2UlMjIlMjBzaGFyZSUzRCUyMmZhbHNlJTIyJTIwem9vbSUzRCUyMmZhbHNlJTIyJTIwb3BlbiUzRCUyMmZhbHNlJTIyJTIwbG9nbyUzRCUyMmZhbHNlJTIyJTIwcGFnZW5hdiUzRCUyMmZhbHNlJTIyJTIwZmluZCUzRCUyMmZhbHNlJTIyJTIwdG9vbHMlM0QlMjJmYWxzZSUyMiU1RA==[\/vc_raw_html][\/vc_column][\/vc_row]<\/p>","protected":false},"excerpt":{"rendered":"<p class=\" translation-block\">ENEOS Super Silent GenSets ist ein vielseitiges Sortiment, das f\u00fcr eine breite Palette von Anwendungen entwickelt wurde und an jeden Bedarf angepasst werden kann.<br>\r\nSie bieten ein H\u00f6chstma\u00df an Leistung im Falle eines pl\u00f6tzlichen Stromausfalls.&nbsp;Diese Generatoren liefern eine zuverl\u00e4ssige Stromversorgung und optimieren die Last dank unseres MC4-Bedienfelds.&nbsp;Die Super Silent-Serie umfasst eine Referenzleistung von 10 kVA bis 250 kVA und ist mit Premium-Motoren und Wechselstromgeneratoren ausgestattet.<\/p>","protected":false},"featured_media":5920,"template":"","meta":[],"_links":{"self":[{"href":"https:\/\/agr-tech.de\/en\/wp-json\/wp\/v2\/product\/5919"}],"collection":[{"href":"https:\/\/agr-tech.de\/en\/wp-json\/wp\/v2\/product"}],"about":[{"href":"https:\/\/agr-tech.de\/en\/wp-json\/wp\/v2\/types\/product"}],"wp:featuredmedia":[{"embeddable":true,"href":"https:\/\/agr-tech.de\/en\/wp-json\/wp\/v2\/media\/5920"}],"wp:attachment":[{"href":"https:\/\/agr-tech.de\/en\/wp-json\/wp\/v2\/media?parent=5919"}],"curies":[{"name":"wp","href":"https:\/\/api.w.org\/{rel}","templated":true}]}}